{"id":1573,"date":"2019-12-02T11:48:31","date_gmt":"2019-12-02T11:48:31","guid":{"rendered":"https:\/\/harrismoor.com\/?page_id=1573"},"modified":"2023-09-22T12:17:30","modified_gmt":"2023-09-22T12:17:30","slug":"il-nostro-inizio","status":"publish","type":"page","link":"https:\/\/harrismoor.com\/it\/il-nostro-inizio\/","title":{"rendered":"Il nostro inizio"},"content":{"rendered":"<p>[vc_row heading_color=&#8221;primary-4&#8243; section_type=&#8221;fullwidth&#8221; bg_type=&#8221;color&#8221; padding_top_multiplier=&#8221;&#8221; padding_bottom_multiplier=&#8221;&#8221; columns_gap=&#8221;none&#8221; bg_color=&#8221;#f7f7f7&#8243;][vc_column]<div class=\"grve-element grve-split-content grve-large-size grve-media-left\" style=\" min-height:500px\">  <div class=\"grve-split-wrapper grve-media-wrapper grve-headings-white grve-text-white\">    <div class=\"grve-wrapper-inner\">      <h1 class=\"grve-title grve-align-center grve-heading-color grve-h1 grve-custom-font-1 grve-increase-heading grve-heading-180 grve-split-title grve-split-size-large\"><span>Il nostro inizio<\/span><\/h1>    <\/div><div class=\"grve-background-wrapper\">  <div class=\"grve-bg-image grve-bg-image-id-1595 grve-bg-center-bottom\"   style=\"background-image: url(https:\/\/harrismoor.com\/wp-content\/uploads\/2019\/12\/harris-moor-finance-everything-started-2.jpg);\"><\/div>  <div class=\"grve-bg-overlay grve-bg-primary-4 grve-opacity-80\"><\/div><\/div>  <\/div>  <div class=\"grve-split-wrapper grve-content-wrapper\">    <div class=\"grve-wrapper-inner\">      <div class=\"grve-title grve-align-center grve-heading-color grve-h1 grve-custom-font-1 grve-increase-heading grve-heading-180 grve-split-title grve-split-size-large\"><span>Il nostro inizio<\/span><\/div>    <\/div>  <\/div><\/div>[\/vc_column][\/vc_row][vc_row heading_color=&#8221;primary-4&#8243; section_type=&#8221;fullwidth&#8221; padding_top_multiplier=&#8221;&#8221; padding_bottom_multiplier=&#8221;&#8221; columns_gap=&#8221;none&#8221; tablet_visibility=&#8221;hide&#8221; tablet_sm_visibility=&#8221;hide&#8221; mobile_visibility=&#8221;hide&#8221; separator_bottom_color=&#8221;#dd9933&#8243; font_color=&#8221;rgba(255,255,255,0.8)&#8221;][vc_column vertical_content_position=&#8221;bottom&#8221; animation_delay=&#8221;0&#8243; css=&#8221;.vc_custom_1669196854204{margin-top: -165px !important;background-position: 0 0 !important;background-repeat: no-repeat !important;}&#8221;][vc_column_text]<img loading=\"lazy\" decoding=\"async\" class=\"frame100 aligncenter wp-image-1286\" src=\"https:\/\/harrismoor.com\/wp-content\/uploads\/2019\/04\/22.png\" alt=\"\" width=\"1920\" height=\"179\" srcset=\"https:\/\/harrismoor.com\/wp-content\/uploads\/2019\/04\/22.png 1920w, https:\/\/harrismoor.com\/wp-content\/uploads\/2019\/04\/22-300x28.png 300w, https:\/\/harrismoor.com\/wp-content\/uploads\/2019\/04\/22-768x72.png 768w, https:\/\/harrismoor.com\/wp-content\/uploads\/2019\/04\/22-1024x95.png 1024w\" sizes=\"(max-width: 1920px) 100vw, 1920px\" \/>[\/vc_column_text][\/vc_column][\/vc_row][vc_row padding_top_multiplier=&#8221;2x&#8221;][vc_column]<h3 class=\"grve-element grve-title grve-align-left grve-h3\" style=\"\"><span><span style=\"color: #2a575b;\">Harris Moor<\/span> <span style=\"color: #d1ae68;\">Finance<\/span><span class=\"grve-title-line grve-bg-primary-3\" style=\"width: 100%;height: 1px;\"><\/span><\/span><\/h3><div class=\"grve-empty-space\" style=\"height: 3px;\"><\/div>[vc_column_text text_style=&#8221;subtitle&#8221;]Tutto inizi\u00f2 grazie ad un incontro casuale durante un soggiorno negli Stati Uniti. Ero seduto sul portico a scrutare l\u2019oceano, quando un signore in et\u00e0 si avvicin\u00f2 a me e con una stretta di mano molto forte, cominci\u00f2 a raccontarmi di lui.[\/vc_column_text][\/vc_column][\/vc_row][vc_row padding_top_multiplier=&#8221;&#8221;][vc_column width=&#8221;1\/2&#8243;]<div class=\"grve-empty-space grve-height-1x\" style=\"\"><\/div>[vc_column_text]Era come se il tempo si fosse fermato: solo noi due, la splendida vista sull&#8217;oceano, un ottimo bicchiere di rum e le nostre storie.<\/p>\n<p>Molte di queste storie erano piene di duro lavoro e passione per la finanza. Infatti, egli ricopr\u00ec importanti ruoli a Wall Street a partire dagli anni Sessanta.<\/p>\n<p>Sono stato molto felice di ascoltarlo e di essere in grado di confrontarmi con qualcuno che, come me, ha portato i propri valori nel suo modo di fare business.<\/p>\n<p>Inoltre, le sue esperienze erano spesso fonte di spunti di riflessione che ha voluto condividere con me, ed io ne sono tutt\u2019ora onorato.[\/vc_column_text][\/vc_column][vc_column width=&#8221;1\/2&#8243;]<div class=\"grve-element grve-image grve-align-center\" style=\"\">  <div class=\"grve-image-wrapper\"><img loading=\"lazy\" decoding=\"async\" width=\"1600\" height=\"1067\" src=\"https:\/\/harrismoor.com\/wp-content\/uploads\/2019\/12\/harris-moor-finance-everything-started.jpg\" class=\"attachment-full size-full\" alt=\"harris moor finance everything\" srcset=\"https:\/\/harrismoor.com\/wp-content\/uploads\/2019\/12\/harris-moor-finance-everything-started.jpg 1600w, https:\/\/harrismoor.com\/wp-content\/uploads\/2019\/12\/harris-moor-finance-everything-started-300x200.jpg 300w, https:\/\/harrismoor.com\/wp-content\/uploads\/2019\/12\/harris-moor-finance-everything-started-768x512.jpg 768w, https:\/\/harrismoor.com\/wp-content\/uploads\/2019\/12\/harris-moor-finance-everything-started-1024x683.jpg 1024w\" sizes=\"(max-width: 1600px) 100vw, 1600px\" \/>   <\/div><\/div>[\/vc_column][\/vc_row][vc_row padding_top_multiplier=&#8221;&#8221; padding_bottom_multiplier=&#8221;2x&#8221;][vc_column width=&#8221;1\/2&#8243;]<div class=\"grve-element grve-image grve-align-center\" style=\"\">  <div class=\"grve-image-wrapper\"><img loading=\"lazy\" decoding=\"async\" width=\"1600\" height=\"1085\" src=\"https:\/\/harrismoor.com\/wp-content\/uploads\/2019\/12\/harris-moor-finance-everything-started-2.jpg\" class=\"attachment-full size-full\" alt=\"harris moor finance everything started\" srcset=\"https:\/\/harrismoor.com\/wp-content\/uploads\/2019\/12\/harris-moor-finance-everything-started-2.jpg 1600w, https:\/\/harrismoor.com\/wp-content\/uploads\/2019\/12\/harris-moor-finance-everything-started-2-300x203.jpg 300w, https:\/\/harrismoor.com\/wp-content\/uploads\/2019\/12\/harris-moor-finance-everything-started-2-768x521.jpg 768w, https:\/\/harrismoor.com\/wp-content\/uploads\/2019\/12\/harris-moor-finance-everything-started-2-1024x694.jpg 1024w\" sizes=\"(max-width: 1600px) 100vw, 1600px\" \/>   <\/div><\/div>[\/vc_column][vc_column width=&#8221;1\/2&#8243;]<div class=\"grve-empty-space grve-height-1x\" style=\"\"><\/div>[vc_column_text]Mi colp\u00ec anche la sua sincerit\u00e0 e franchezza nel raccontarmi le sfide di questo lavoro.<\/p>\n<p>La sua conoscenza e la sua visione mi permisero di capire meglio l\u2019orientamento futuro di questo settore e le rispettive sfide che ci attendono dietro all\u2019angolo.<\/p>\n<p>Harris \u00e8 stata una persona molto speciale che ha segnato positivamente la mia vita, portando degli arricchimenti che solo una persona di spessore, come lui, \u00e8 in grado di tramandare.<\/p>\n<p>Dunque, ho voluto mantenere viva la sua memoria, rendendolo parte integrante del nostro brand, come ricordo di quei incontri &#8220;casuali&#8221; che finiscono per modellare il nostro futuro, in modi davvero inaspettati.[\/vc_column_text][\/vc_column][\/vc_row][vc_row heading_color=&#8221;light&#8221; section_type=&#8221;fullwidth&#8221; padding_top_multiplier=&#8221;2x&#8221; padding_bottom_multiplier=&#8221;&#8221; columns_gap=&#8221;none&#8221; equal_column_height=&#8221;equal-column&#8221; font_color=&#8221;#ffffff&#8221;][vc_column width=&#8221;1\/4&#8243; clipping_animation=&#8221;clipping-up&#8221; animation_delay=&#8221;600&#8243; css=&#8221;.vc_custom_1554121817896{padding-right: 25% !important;padding-left: 25% !important;background-color: #121722 !important;}&#8221; el_class=&#8221;title-service&#8221;]<div class=\"grve-empty-space grve-height-2x\" style=\"\"><\/div><div class=\"grve-element grve-single-icon grve-align-center grve-medium\" style=\"margin-bottom: 18px;\">  <div class=\"grve-wrapper-icon grve-no-shape\" style=\"\"><i class=\"vc-oi vc-oi-plus grve-text-primary-1\"><\/i><\/div><\/div><h3 class=\"grve-element grve-title grve-align-center grve-h5 title-service\" style=\"\"><span>Pianificazione<br \/>\npatrimoniale<\/span><\/h3>[vc_column_text]<\/p>\n<p style=\"text-align: center;\">Pianifichiamo soluzioni personalizzate per garantire il patrimonio familiare in base alle esigenze e agli obiettivi del cliente.<\/p>\n<p>[\/vc_column_text]<div class=\"grve-empty-space grve-height-1x\" style=\"\"><\/div><div class=\"grve-element grve-align-center grve-fluid-button\"><a href=\"https:\/\/harrismoor.com\/it\/soluzioni\/pianificazione-patrimoniale-integrata\/\" title=\"Pianificazione patrimoniale integrata\" class=\"grve-btn grve-btn-small grve-square grve-bg-primary-1 grve-bg-hover-white grve-btn-line\" style=\"max-width: 125px;\"><span>Scoprite di pi\u00f9<\/span><\/a><\/div><div class=\"grve-empty-space grve-height-2x\" style=\"\"><\/div>[\/vc_column][vc_column width=&#8221;1\/4&#8243; clipping_animation=&#8221;clipping-up&#8221; animation_delay=&#8221;800&#8243; css=&#8221;.vc_custom_1553704077552{padding-right: 25% !important;padding-left: 25% !important;background-color: #1c2538 !important;}&#8221;]<div class=\"grve-empty-space grve-height-2x\" style=\"\"><\/div><div class=\"grve-element grve-single-icon grve-align-center grve-medium\" style=\"margin-bottom: 18px;\">  <div class=\"grve-wrapper-icon grve-no-shape\" style=\"\"><i class=\"vc-oi vc-oi-chart-pie-alt grve-text-primary-1\"><\/i><\/div><\/div><h3 class=\"grve-element grve-title grve-align-center grve-h5 title-service\" style=\"\"><span>Gestione degli investimenti<\/span><\/h3>[vc_column_text]<\/p>\n<p style=\"text-align: center;\">Creiamo portafoglio d&#8217;investimento equilibrato in base al profilo di rischio e alle necessit\u00e0 del cliente.<\/p>\n<p>[\/vc_column_text]<div class=\"grve-empty-space grve-height-1x\" style=\"\"><\/div><div class=\"grve-element grve-align-center grve-fluid-button\"><a href=\"https:\/\/harrismoor.com\/it\/soluzioni\/gestione-degli-investimenti\/\" title=\"Gestione degli investimenti\" class=\"grve-btn grve-btn-small grve-square grve-bg-primary-1 grve-bg-hover-white grve-btn-line\" style=\"max-width: 125px;\"><span>Scoprite di pi\u00f9<\/span><\/a><\/div><div class=\"grve-empty-space grve-height-2x\" style=\"\"><\/div>[\/vc_column][vc_column width=&#8221;1\/4&#8243; clipping_animation=&#8221;clipping-up&#8221; animation_delay=&#8221;1000&#8243; css=&#8221;.vc_custom_1553704092304{padding-right: 25% !important;padding-left: 25% !important;background-color: #36425b !important;}&#8221;]<div class=\"grve-empty-space grve-height-2x\" style=\"\"><\/div><div class=\"grve-element grve-single-icon grve-align-center grve-medium\" style=\"margin-bottom: 18px;\">  <div class=\"grve-wrapper-icon grve-no-shape\" style=\"\"><i class=\"vc-oi vc-oi-home grve-text-primary-1\"><\/i><\/div><\/div><h3 class=\"grve-element grve-title grve-align-center grve-h5 title-service\" style=\"\"><span>Successione &amp; Governance<\/span><\/h3>[vc_column_text]<\/p>\n<p style=\"text-align: center;\">Garantiamo che patrimonio, cultura e valori familiari siano tramandati alle future generazioni.<\/p>\n<p>[\/vc_column_text]<div class=\"grve-empty-space grve-height-1x\" style=\"\"><\/div><div class=\"grve-element grve-align-center grve-fluid-button\"><a href=\"https:\/\/harrismoor.com\/it\/soluzioni\/successione-famigliare-e-governance\/\" title=\"Successione famigliare e governance\" class=\"grve-btn grve-btn-small grve-square grve-bg-primary-1 grve-bg-hover-white grve-btn-line\" style=\"max-width: 125px;\"><span>Scoprite di pi\u00f9<\/span><\/a><\/div><div class=\"grve-empty-space grve-height-2x\" style=\"\"><\/div>[\/vc_column][vc_column width=&#8221;1\/4&#8243; clipping_animation=&#8221;clipping-up&#8221; animation_delay=&#8221;1200&#8243; css=&#8221;.vc_custom_1553704098276{padding-right: 25% !important;padding-left: 25% !important;background-color: #616f8e !important;}&#8221;]<div class=\"grve-empty-space grve-height-2x\" style=\"\"><\/div><div class=\"grve-element grve-single-icon grve-align-center grve-medium\" style=\"margin-bottom: 18px;\">  <div class=\"grve-wrapper-icon grve-no-shape\" style=\"\"><i class=\"vc-oi vc-oi-list-nested grve-text-primary-1\"><\/i><\/div><\/div><h3 class=\"grve-element grve-title grve-align-center grve-h5 title-service\" style=\"\"><span>Consulenza<br \/>\nstrategica<\/span><\/h3>[vc_column_text]<\/p>\n<p style=\"text-align: center;\">Definiamo e raccomandiamo le strategie migliori che permettano ai nostri clienti di raggiungere i loro obiettivi.<\/p>\n<p>[\/vc_column_text]<div class=\"grve-empty-space grve-height-1x\" style=\"\"><\/div><div class=\"grve-element grve-align-center grve-fluid-button\"><a href=\"https:\/\/harrismoor.com\/it\/soluzioni\/consulenza-strategica\/\" title=\"Consulenza strategica\" class=\"grve-btn grve-btn-small grve-square grve-bg-primary-1 grve-bg-hover-white grve-btn-line\" style=\"max-width: 125px;\"><span>Scoprite di pi\u00f9<\/span><\/a><\/div><div class=\"grve-empty-space grve-height-2x\" style=\"\"><\/div>[\/vc_column][\/vc_row][vc_row padding_top_multiplier=&#8221;6x&#8221; padding_bottom_multiplier=&#8221;6x&#8221; desktop_visibility=&#8221;hide&#8221; tablet_visibility=&#8221;hide&#8221; tablet_sm_visibility=&#8221;hide&#8221; mobile_visibility=&#8221;hide&#8221;][vc_column]<h3 class=\"grve-element grve-title grve-align-center grve-h3\" style=\"\"><span>Client Testimonials<\/span><\/h3><div class=\"grve-empty-space grve-height-1x\" style=\"\"><\/div>[\/vc_column][vc_column width=&#8221;1\/6&#8243;][\/vc_column][vc_column width=&#8221;2\/3&#8243;]\t\t\t<div class=\"grve-element grve-testimonial grve-carousel-element grve-layout-1 grve-align-center grve-quote-text grve-carousel-pagination-1\" style=\"\" data-slider-transition=\"slide\" data-slider-autoplay=\"yes\" data-slider-speed=\"8000\" data-slider-pause=\"no\" data-pagination-speed=\"400\" data-slider-autoheight=\"no\" data-pagination=\"yes\">\r\n\r\n\t\t\t\t\r\n\t\t\t\t\t\t<div class=\"grve-testimonial-element post-1271 testimonial type-testimonial status-publish hentry\">\r\n\t\t\t\t\t\t\t\t\t\t<div class=\"grve-testimonial-content\">\r\n\t\t\t\t\t\t<p class=\"p1\">Il livello di etica e professionalit\u00e0 \u00e8 percepibile fin dal primo incontro avuto con il Signor Andrea Moor. Lieto di averne avuto la conferma attraverso la continuit\u00e0 della nostra collaborazione.<\/p>\n\t\t\t\t\t\t\t\t\t\t\t\t<div class=\"grve-small-text grve-heading-color grve-testimonial-name\">Paolo B.<span class=\"grve-identity\"><\/span><\/div>\r\n\t\t\t\t\t\t\t\t\t\t\t<\/div>\r\n\t\t\t\t<\/div>\r\n\t\t\t\t\t\t<div class=\"grve-testimonial-element post-1270 testimonial type-testimonial status-publish hentry\">\r\n\t\t\t\t\t\t\t\t\t\t<div class=\"grve-testimonial-content\">\r\n\t\t\t\t\t\t<p class=\"p1\">Grazie per avermi mostrato come opera un consulente fiduciario e per avermi ottimamente rappresentato laddove necessario.<\/p>\n\t\t\t\t\t\t\t\t\t\t\t\t<div class=\"grve-small-text grve-heading-color grve-testimonial-name\">Simone V.<span class=\"grve-identity\"><\/span><\/div>\r\n\t\t\t\t\t\t\t\t\t\t\t<\/div>\r\n\t\t\t\t<\/div>\r\n\t\t\t\t\t\t<div class=\"grve-testimonial-element post-1269 testimonial type-testimonial status-publish hentry\">\r\n\t\t\t\t\t\t\t\t\t\t<div class=\"grve-testimonial-content\">\r\n\t\t\t\t\t\t<p class=\"p1\">Mi ha sorpreso<span class=\"Apple-converted-space\">\u00a0 <\/span>trovare finalmente il mio family office, proprio qui a Lugano. Ho cercato a lungo qualcuno che andasse oltre a ci\u00f2 che mostrano i numeri, soddisfando completamente i miei bisogni e quelli della mia famiglia. Grazie Andrea Moor.<\/p>\n\t\t\t\t\t\t\t\t\t\t\t\t<div class=\"grve-small-text grve-heading-color grve-testimonial-name\">Oliver J.<span class=\"grve-identity\"><\/span><\/div>\r\n\t\t\t\t\t\t\t\t\t\t\t<\/div>\r\n\t\t\t\t<\/div>\r\n\t\t\t\t\t\t\t\t\t<\/div>\r\n\r\n\t\t[\/vc_column][vc_column width=&#8221;1\/6&#8243;][\/vc_column][\/vc_row][vc_row heading_color=&#8221;light&#8221; bg_type=&#8221;color&#8221; padding_top_multiplier=&#8221;2x&#8221; padding_bottom_multiplier=&#8221;2x&#8221; font_color=&#8221;#ffffff&#8221; bg_color=&#8221;#d1ae68&#8243;][vc_column width=&#8221;1\/4&#8243;][\/vc_column][vc_column width=&#8221;1\/2&#8243;]<div class=\"grve-element grve-callout grve-btn-right\" style=\"\">  <div class=\"grve-callout-wrapper\"><h3 class=\"grve-callout-content grve-h4\">Richieda senza impegno una consulenza su misura<\/h3>  <\/div>  <div class=\"grve-button-wrapper\"><a href=\"#\" class=\"grve-btn grve-btn-small grve-square grve-bg-white grve-bg-hover-primary-4\"><span>Request Now<\/span><\/a>  <\/div><\/div>[\/vc_column][vc_column width=&#8221;1\/4&#8243;][\/vc_column][\/vc_row]<\/p>\n","protected":false},"excerpt":{"rendered":"<p>[vc_row heading_color=&#8221;primary-4&#8243; section_type=&#8221;fullwidth&#8221; bg_type=&#8221;color&#8221; padding_top_multiplier=&#8221;&#8221; padding_bottom_multiplier=&#8221;&#8221; columns_gap=&#8221;none&#8221; bg_color=&#8221;#f7f7f7&#8243;][vc_column][\/vc_column][\/vc_row][vc_row heading_color=&#8221;primary-4&#8243; section_type=&#8221;fullwidth&#8221; padding_top_multiplier=&#8221;&#8221; padding_bottom_multiplier=&#8221;&#8221; columns_gap=&#8221;none&#8221; tablet_visibility=&#8221;hide&#8221; tablet_sm_visibility=&#8221;hide&#8221; mobile_visibility=&#8221;hide&#8221; separator_bottom_color=&#8221;#dd9933&#8243; font_color=&#8221;rgba(255,255,255,0.8)&#8221;][vc_column vertical_content_position=&#8221;bottom&#8221; animation_delay=&#8221;0&#8243; css=&#8221;.vc_custom_1669196854204{margin-top: -165px !important;background-position: 0 0 !important;background-repeat: no-repeat !important;}&#8221;][vc_column_text][\/vc_column_text][\/vc_column][\/vc_row][vc_row padding_top_multiplier=&#8221;2x&#8221;][vc_column][vc_column_text text_style=&#8221;subtitle&#8221;]Tutto inizi\u00f2 grazie ad un incontro casuale durante un soggiorno negli Stati Uniti. Ero seduto sul portico a scrutare l\u2019oceano, quando un signore in et\u00e0 si [&hellip;]<\/p>\n","protected":false},"author":3,"featured_media":0,"parent":0,"menu_order":0,"comment_status":"closed","ping_status":"closed","template":"","meta":{"footnotes":""},"yoast_head":"<!-- This site is optimized with the Yoast SEO plugin v23.3 - https:\/\/yoast.com\/wordpress\/plugins\/seo\/ -->\n<title>Il nostro inizio - Harris Moor Finance SA<\/title>\n<meta name=\"robots\" content=\"index, follow, max-snippet:-1, max-image-preview:large, max-video-preview:-1\" \/>\n<link rel=\"canonical\" href=\"https:\/\/harrismoor.com\/it\/il-nostro-inizio\/\" \/>\n<meta property=\"og:locale\" content=\"it_IT\" \/>\n<meta property=\"og:type\" content=\"article\" \/>\n<meta property=\"og:title\" content=\"Il nostro inizio - Harris Moor Finance SA\" \/>\n<meta property=\"og:description\" content=\"[vc_row heading_color=&#8221;primary-4&#8243; section_type=&#8221;fullwidth&#8221; bg_type=&#8221;color&#8221; padding_top_multiplier=&#8221;&#8221; padding_bottom_multiplier=&#8221;&#8221; columns_gap=&#8221;none&#8221; bg_color=&#8221;#f7f7f7&#8243;][vc_column][\/vc_column][\/vc_row][vc_row heading_color=&#8221;primary-4&#8243; section_type=&#8221;fullwidth&#8221; padding_top_multiplier=&#8221;&#8221; padding_bottom_multiplier=&#8221;&#8221; columns_gap=&#8221;none&#8221; tablet_visibility=&#8221;hide&#8221; tablet_sm_visibility=&#8221;hide&#8221; mobile_visibility=&#8221;hide&#8221; separator_bottom_color=&#8221;#dd9933&#8243; font_color=&#8221;rgba(255,255,255,0.8)&#8221;][vc_column vertical_content_position=&#8221;bottom&#8221; animation_delay=&#8221;0&#8243; css=&#8221;.vc_custom_1669196854204{margin-top: -165px !important;background-position: 0 0 !important;background-repeat: no-repeat !important;}&#8221;][vc_column_text][\/vc_column_text][\/vc_column][\/vc_row][vc_row padding_top_multiplier=&#8221;2x&#8221;][vc_column][vc_column_text text_style=&#8221;subtitle&#8221;]Tutto inizi\u00f2 grazie ad un incontro casuale durante un soggiorno negli Stati Uniti. Ero seduto sul portico a scrutare l\u2019oceano, quando un signore in et\u00e0 si [&hellip;]\" \/>\n<meta property=\"og:url\" content=\"https:\/\/harrismoor.com\/it\/il-nostro-inizio\/\" \/>\n<meta property=\"og:site_name\" content=\"Harris Moor Finance SA\" \/>\n<meta property=\"article:modified_time\" content=\"2023-09-22T12:17:30+00:00\" \/>\n<meta property=\"og:image\" content=\"https:\/\/harrismoor.com\/wp-content\/uploads\/2019\/04\/22.png\" \/>\n<meta name=\"twitter:card\" content=\"summary_large_image\" \/>\n<meta name=\"twitter:label1\" content=\"Tempo di lettura stimato\" \/>\n\t<meta name=\"twitter:data1\" content=\"3 minuti\" \/>\n<script type=\"application\/ld+json\" class=\"yoast-schema-graph\">{\"@context\":\"https:\/\/schema.org\",\"@graph\":[{\"@type\":\"WebPage\",\"@id\":\"https:\/\/harrismoor.com\/it\/il-nostro-inizio\/\",\"url\":\"https:\/\/harrismoor.com\/it\/il-nostro-inizio\/\",\"name\":\"Il nostro inizio - Harris Moor Finance SA\",\"isPartOf\":{\"@id\":\"https:\/\/harrismoor.com\/#website\"},\"primaryImageOfPage\":{\"@id\":\"https:\/\/harrismoor.com\/it\/il-nostro-inizio\/#primaryimage\"},\"image\":{\"@id\":\"https:\/\/harrismoor.com\/it\/il-nostro-inizio\/#primaryimage\"},\"thumbnailUrl\":\"https:\/\/harrismoor.com\/wp-content\/uploads\/2019\/04\/22.png\",\"datePublished\":\"2019-12-02T11:48:31+00:00\",\"dateModified\":\"2023-09-22T12:17:30+00:00\",\"breadcrumb\":{\"@id\":\"https:\/\/harrismoor.com\/it\/il-nostro-inizio\/#breadcrumb\"},\"inLanguage\":\"it-IT\",\"potentialAction\":[{\"@type\":\"ReadAction\",\"target\":[\"https:\/\/harrismoor.com\/it\/il-nostro-inizio\/\"]}]},{\"@type\":\"ImageObject\",\"inLanguage\":\"it-IT\",\"@id\":\"https:\/\/harrismoor.com\/it\/il-nostro-inizio\/#primaryimage\",\"url\":\"https:\/\/harrismoor.com\/wp-content\/uploads\/2019\/04\/22.png\",\"contentUrl\":\"https:\/\/harrismoor.com\/wp-content\/uploads\/2019\/04\/22.png\"},{\"@type\":\"BreadcrumbList\",\"@id\":\"https:\/\/harrismoor.com\/it\/il-nostro-inizio\/#breadcrumb\",\"itemListElement\":[{\"@type\":\"ListItem\",\"position\":1,\"name\":\"Home\",\"item\":\"https:\/\/harrismoor.com\/it\/\"},{\"@type\":\"ListItem\",\"position\":2,\"name\":\"Il nostro inizio\"}]},{\"@type\":\"WebSite\",\"@id\":\"https:\/\/harrismoor.com\/#website\",\"url\":\"https:\/\/harrismoor.com\/\",\"name\":\"Harris Moor Finance SA\",\"description\":\"Family Office\",\"potentialAction\":[{\"@type\":\"SearchAction\",\"target\":{\"@type\":\"EntryPoint\",\"urlTemplate\":\"https:\/\/harrismoor.com\/?s={search_term_string}\"},\"query-input\":\"required name=search_term_string\"}],\"inLanguage\":\"it-IT\"}]}<\/script>\n<!-- \/ Yoast SEO plugin. -->","yoast_head_json":{"title":"Il nostro inizio - Harris Moor Finance SA","robots":{"index":"index","follow":"follow","max-snippet":"max-snippet:-1","max-image-preview":"max-image-preview:large","max-video-preview":"max-video-preview:-1"},"canonical":"https:\/\/harrismoor.com\/it\/il-nostro-inizio\/","og_locale":"it_IT","og_type":"article","og_title":"Il nostro inizio - Harris Moor Finance SA","og_description":"[vc_row heading_color=&#8221;primary-4&#8243; section_type=&#8221;fullwidth&#8221; bg_type=&#8221;color&#8221; padding_top_multiplier=&#8221;&#8221; padding_bottom_multiplier=&#8221;&#8221; columns_gap=&#8221;none&#8221; bg_color=&#8221;#f7f7f7&#8243;][vc_column][\/vc_column][\/vc_row][vc_row heading_color=&#8221;primary-4&#8243; section_type=&#8221;fullwidth&#8221; padding_top_multiplier=&#8221;&#8221; padding_bottom_multiplier=&#8221;&#8221; columns_gap=&#8221;none&#8221; tablet_visibility=&#8221;hide&#8221; tablet_sm_visibility=&#8221;hide&#8221; mobile_visibility=&#8221;hide&#8221; separator_bottom_color=&#8221;#dd9933&#8243; font_color=&#8221;rgba(255,255,255,0.8)&#8221;][vc_column vertical_content_position=&#8221;bottom&#8221; animation_delay=&#8221;0&#8243; css=&#8221;.vc_custom_1669196854204{margin-top: -165px !important;background-position: 0 0 !important;background-repeat: no-repeat !important;}&#8221;][vc_column_text][\/vc_column_text][\/vc_column][\/vc_row][vc_row padding_top_multiplier=&#8221;2x&#8221;][vc_column][vc_column_text text_style=&#8221;subtitle&#8221;]Tutto inizi\u00f2 grazie ad un incontro casuale durante un soggiorno negli Stati Uniti. Ero seduto sul portico a scrutare l\u2019oceano, quando un signore in et\u00e0 si [&hellip;]","og_url":"https:\/\/harrismoor.com\/it\/il-nostro-inizio\/","og_site_name":"Harris Moor Finance SA","article_modified_time":"2023-09-22T12:17:30+00:00","og_image":[{"url":"https:\/\/harrismoor.com\/wp-content\/uploads\/2019\/04\/22.png"}],"twitter_card":"summary_large_image","twitter_misc":{"Tempo di lettura stimato":"3 minuti"},"schema":{"@context":"https:\/\/schema.org","@graph":[{"@type":"WebPage","@id":"https:\/\/harrismoor.com\/it\/il-nostro-inizio\/","url":"https:\/\/harrismoor.com\/it\/il-nostro-inizio\/","name":"Il nostro inizio - Harris Moor Finance SA","isPartOf":{"@id":"https:\/\/harrismoor.com\/#website"},"primaryImageOfPage":{"@id":"https:\/\/harrismoor.com\/it\/il-nostro-inizio\/#primaryimage"},"image":{"@id":"https:\/\/harrismoor.com\/it\/il-nostro-inizio\/#primaryimage"},"thumbnailUrl":"https:\/\/harrismoor.com\/wp-content\/uploads\/2019\/04\/22.png","datePublished":"2019-12-02T11:48:31+00:00","dateModified":"2023-09-22T12:17:30+00:00","breadcrumb":{"@id":"https:\/\/harrismoor.com\/it\/il-nostro-inizio\/#breadcrumb"},"inLanguage":"it-IT","potentialAction":[{"@type":"ReadAction","target":["https:\/\/harrismoor.com\/it\/il-nostro-inizio\/"]}]},{"@type":"ImageObject","inLanguage":"it-IT","@id":"https:\/\/harrismoor.com\/it\/il-nostro-inizio\/#primaryimage","url":"https:\/\/harrismoor.com\/wp-content\/uploads\/2019\/04\/22.png","contentUrl":"https:\/\/harrismoor.com\/wp-content\/uploads\/2019\/04\/22.png"},{"@type":"BreadcrumbList","@id":"https:\/\/harrismoor.com\/it\/il-nostro-inizio\/#breadcrumb","itemListElement":[{"@type":"ListItem","position":1,"name":"Home","item":"https:\/\/harrismoor.com\/it\/"},{"@type":"ListItem","position":2,"name":"Il nostro inizio"}]},{"@type":"WebSite","@id":"https:\/\/harrismoor.com\/#website","url":"https:\/\/harrismoor.com\/","name":"Harris Moor Finance SA","description":"Family Office","potentialAction":[{"@type":"SearchAction","target":{"@type":"EntryPoint","urlTemplate":"https:\/\/harrismoor.com\/?s={search_term_string}"},"query-input":"required name=search_term_string"}],"inLanguage":"it-IT"}]}},"_links":{"self":[{"href":"https:\/\/harrismoor.com\/it\/wp-json\/wp\/v2\/pages\/1573"}],"collection":[{"href":"https:\/\/harrismoor.com\/it\/wp-json\/wp\/v2\/pages"}],"about":[{"href":"https:\/\/harrismoor.com\/it\/wp-json\/wp\/v2\/types\/page"}],"author":[{"embeddable":true,"href":"https:\/\/harrismoor.com\/it\/wp-json\/wp\/v2\/users\/3"}],"replies":[{"embeddable":true,"href":"https:\/\/harrismoor.com\/it\/wp-json\/wp\/v2\/comments?post=1573"}],"version-history":[{"count":18,"href":"https:\/\/harrismoor.com\/it\/wp-json\/wp\/v2\/pages\/1573\/revisions"}],"predecessor-version":[{"id":2678,"href":"https:\/\/harrismoor.com\/it\/wp-json\/wp\/v2\/pages\/1573\/revisions\/2678"}],"wp:attachment":[{"href":"https:\/\/harrismoor.com\/it\/wp-json\/wp\/v2\/media?parent=1573"}],"curies":[{"name":"wp","href":"https:\/\/api.w.org\/{rel}","templated":true}]}}