{"id":2466,"date":"2023-06-19T08:14:56","date_gmt":"2023-06-19T08:14:56","guid":{"rendered":"https:\/\/harrismoor.com\/?page_id=2466"},"modified":"2023-09-24T15:25:53","modified_gmt":"2023-09-24T15:25:53","slug":"faq","status":"publish","type":"page","link":"https:\/\/harrismoor.com\/it\/faq\/","title":{"rendered":"FAQ"},"content":{"rendered":"<p>[vc_row heading_color=&#8221;primary-4&#8243; section_type=&#8221;fullwidth&#8221; bg_type=&#8221;color&#8221; padding_top_multiplier=&#8221;&#8221; padding_bottom_multiplier=&#8221;&#8221; columns_gap=&#8221;none&#8221; bg_color=&#8221;#f7f7f7&#8243;][vc_column]<div class=\"grve-element grve-split-content grve-large-size grve-media-left\" style=\" min-height:500px\">  <div class=\"grve-split-wrapper grve-media-wrapper grve-headings-white grve-text-white\">    <div class=\"grve-wrapper-inner\">      <h1 class=\"grve-title grve-align-center grve-heading-color grve-h1 grve-custom-font-1 grve-mobile-reset-increase-heading grve-increase-heading grve-heading-250 grve-split-title grve-split-size-large\"><span>FAQ<\/span><\/h1>    <\/div><div class=\"grve-background-wrapper\">  <div class=\"grve-bg-image grve-bg-image-id-2509 grve-bg-center-center\"   style=\"background-image: url(https:\/\/harrismoor.com\/wp-content\/uploads\/2023\/07\/faq-harrismoor.jpg);\"><\/div>  <div class=\"grve-bg-overlay grve-bg-primary-4 grve-opacity-80\"><\/div><\/div>  <\/div>  <div class=\"grve-split-wrapper grve-content-wrapper\">    <div class=\"grve-wrapper-inner\">      <div class=\"grve-title grve-align-center grve-heading-color grve-h1 grve-custom-font-1 grve-mobile-reset-increase-heading grve-increase-heading grve-heading-250 grve-split-title grve-split-size-large\"><span>FAQ<\/span><\/div>    <\/div>  <\/div><\/div>[\/vc_column][\/vc_row][vc_row heading_color=&#8221;primary-4&#8243; section_type=&#8221;fullwidth&#8221; padding_top_multiplier=&#8221;&#8221; padding_bottom_multiplier=&#8221;&#8221; columns_gap=&#8221;none&#8221; tablet_visibility=&#8221;hide&#8221; tablet_sm_visibility=&#8221;hide&#8221; mobile_visibility=&#8221;hide&#8221; separator_bottom_color=&#8221;#dd9933&#8243; font_color=&#8221;rgba(255,255,255,0.8)&#8221;][vc_column vertical_content_position=&#8221;bottom&#8221; animation_delay=&#8221;0&#8243; css=&#8221;.vc_custom_1669196760878{margin-top: -174px !important;background-position: 0 0 !important;background-repeat: no-repeat !important;}&#8221;][vc_column_text animation_delay=&#8221;0&#8243; animation_duration=&#8221;very-fast&#8221; css=&#8221;.vc_custom_1688460555101{background-position: center !important;background-repeat: no-repeat !important;background-size: cover !important;}&#8221;]<img loading=\"lazy\" decoding=\"async\" class=\"frame100 alignnone wp-image-863 size-full\" src=\"https:\/\/harrismoor.com\/wp-content\/uploads\/2019\/04\/22.png\" alt=\"\" width=\"1920\" height=\"179\" srcset=\"https:\/\/harrismoor.com\/wp-content\/uploads\/2019\/04\/22.png 1920w, https:\/\/harrismoor.com\/wp-content\/uploads\/2019\/04\/22-300x28.png 300w, https:\/\/harrismoor.com\/wp-content\/uploads\/2019\/04\/22-768x72.png 768w, https:\/\/harrismoor.com\/wp-content\/uploads\/2019\/04\/22-1024x95.png 1024w\" sizes=\"(max-width: 1920px) 100vw, 1920px\" \/>[\/vc_column_text][\/vc_column][\/vc_row][vc_row heading_color=&#8221;primary-1&#8243; padding_top_multiplier=&#8221;4x&#8221; padding_bottom_multiplier=&#8221;2x&#8221; columns_gap=&#8221;60&#8243; font_color=&#8221;#000000&#8243;][vc_column][vc_tta_accordion c_icon=&#8221;chevron&#8221; active_section=&#8221;0&#8243; heading=&#8221;h4&#8243; collapsible_all=&#8221;true&#8221;][vc_tta_section title=&#8221;Che cos&#8217;\u00e8 un family office?&#8221; tab_id=&#8221;1686908787649-9a7650bb-7e83&#8243; el_class=&#8221;fx_diagram&#8221;][vc_column_text text_style=&#8221;leader-text&#8221;]Il concetto moderno di &#8220;family office&#8221; affonda le sue radici nel 19\u00b0 secolo, quando la famiglia di J.P. Morgan fond\u00f2 la propria organizzazione per gestire il patrimonio familiare.<br \/>\nIl termine si riferisce a una societ\u00e0 che assiste su tutti i fronti individui e\/o famiglie facoltose, supportandoli in tutte le questioni relative alle loro esigenze finanziarie e non, con l&#8217;obiettivo finale di portare tranquillit\u00e0 e sostenere la famiglia e le generazioni future.<\/p>\n<p>Harris Moor Finance opera come multi-family office e dispone delle competenze necessarie per fornire soluzioni in materia di: pianificazione patrimoniale integrata, gestione degli investimenti, eredit\u00e0 e governance familiare e consulenza strategica.<\/p>\n<p>Per saperne di pi\u00f9 sulle nostre soluzioni, <a href=\"https:\/\/harrismoor.com\/it\/soluzioni\/\">clicca qui<\/a>.[\/vc_column_text][\/vc_tta_section][vc_tta_section title=&#8221;Avete l\u2019autorizzazione della FINMA?&#8221; tab_id=&#8221;1686909247693-229d3402-2d2d&#8221;][vc_column_text text_style=&#8221;leader-text&#8221;]S\u00ec, l&#8217;Autorit\u00e0 federale di vigilanza sui mercati finanziari FINMA ci ha concesso nel 2022 l&#8217;autorizzazione all\u2019esercizio dell\u2019attivit\u00e0 di gestore patrimoniale ai sensi dell&#8217;art. 2 cpv. 1 lett. a della LIsFi.[\/vc_column_text][\/vc_tta_section][vc_tta_section title=&#8221;Perch\u00e9 \u00e8 necessaria la licenza FINMA?&#8221; tab_id=&#8221;1686909247527-5ed13d0b-116b&#8221;][vc_column_text text_style=&#8221;leader-text&#8221;]Per poter operare come gestori patrimoniali, bisogna soddisfare i requisiti normativi richiesti dalla FINMA. Harris Moor Finance \u00e8 titolare di una licenza perch\u00e9 ha dimostrato di soddisfare i requisiti legali.[\/vc_column_text][\/vc_tta_section][vc_tta_section title=&#8221;La Harris Moor Finance \u00e8 sorvegliata?&#8221; tab_id=&#8221;1686909247356-b531794c-23a4&#8243;][vc_column_text text_style=&#8221;leader-text&#8221;]S\u00ec, siamo supervisionati dal seguente organismo di vigilanza:<\/p>\n<p>AOOS &#8211; Societ\u00e0 anonima svizzera di vigilanza, Via Landriani 2A, CH-6900 Lugano<br \/>\nSito web: aoos.ch<\/p>\n<p>Inoltre, Harris Moor Finance \u00e8 un membro attivo dell&#8217;Associazione Svizzera dei Gestori patrimoniali (ASG):<\/p>\n<p>ASG &#8211; Associazione Svizzera di Gestori patrimoniali, Villa Negroni, Via Morosini 1, CH-6943 Vezia<br \/>\nSito web: vsv-asg.ch<\/p>\n<p>Ci atteniamo a tutte le raccomandazioni professionali della ASG, cos\u00ec che i nostri mandati di gestione patrimoniale siano conformi ai requisiti necessari imposti dalla Legge sui servizi finanziari (LSerFi) e dalla relativa Ordinanza sui servizi finanziari (OSerFi).<\/p>\n<p>Infine, Harris Moor Finance \u00e8 affiliato all&#8217;Ombud Finanza Svizzera (OFS), che fornisce ai nostri clienti servizi di risoluzione delle controversie secondo la LSerFi.<\/p>\n<p>OFS &#8211; Ombud Finanza Svizzera, Rue du Conseil G\u00e9n\u00e9ral 10, CH-1205 Geneva<br \/>\nSito web: ombudfinance.ch[\/vc_column_text][\/vc_tta_section][vc_tta_section title=&#8221;Come faccio a sapere che i miei beni sono al sicuro con voi?&#8221; tab_id=&#8221;1686909247194-0a6a83d7-57d3&#8243;][vc_column_text text_style=&#8221;leader-text&#8221;]In qualit\u00e0 di gestori patrimoniali esterni, gestiamo per vostro conto asset bancari senza averli in custodia. Questi sono depositati in conti a vostro nome presso una banca depositaria svizzera ben capitalizzata o presso diverse banche di vostra scelta.<br \/>\nNel pieno rispetto del Codice etico svizzero e in accordo con voi, operiamo attraverso una procura amministrativa che si limita esclusivamente alla gestione dei vostri portafogli e non all&#8217;erogazione o al trasferimento di fondi.[\/vc_column_text][\/vc_tta_section][vc_tta_section title=&#8221;Harris Moor Finance \u00e8 affiliata a qualche banca?&#8221; tab_id=&#8221;1686909247027-1f2ba190-d1a2&#8243;][vc_column_text text_style=&#8221;leader-text&#8221;]No, non lo siamo. Questo ci permette di operare in maniera indipendente.<\/p>\n<p>Siamo in grado di fornire continuit\u00e0 nella fornitura dei servizi con la flessibilit\u00e0 necessaria per adattarci ai cambiamenti dei requisiti di custodia. I nostri servizi sono personalizzati in base alle esigenze dei clienti. Pertanto, non sono limitati alla standardizzazione.<\/p>\n<p>Nell&#8217;ambito dei nostri servizi, i clienti possono beneficiare di condizioni speciali, precedentemente negoziate su:<br \/>\n&#8211; Commissioni bancarie<br \/>\n&#8211; Tassi ipotecari<br \/>\n&#8211; Spese legali e fiscali[\/vc_column_text][\/vc_tta_section][vc_tta_section title=&#8221;Ricevete retrocessioni o commissioni?&#8221; tab_id=&#8221;1686909246851-edd5baf4-b6f7&#8243;][vc_column_text text_style=&#8221;leader-text&#8221;]No, non riceviamo retrocessioni e non abbiamo alcun tipo di commissione.<\/p>\n<p>Compensi indiretti come questi sono contrari ai nostri valori fondamentali, in quanto porterebbero a un conflitto di interesse tra noi e i nostri clienti.<\/p>\n<p>Questa decisione \u00e8 stata inoltre comunicata a FINMA e confermata da AOOS, l&#8217;organismo di vigilanza incaricato di verificarne la veridicit\u00e0.[\/vc_column_text][\/vc_tta_section][vc_tta_section title=&#8221;In base a quale strategia d&#8217;investimento e a quale orizzonte temporale costruite e regolate i portafogli?&#8221; tab_id=&#8221;1686909246516-4420a1e2-e4a3&#8243;][vc_column_text text_style=&#8221;leader-text&#8221;]Siamo investitori a lungo termine e non abbiamo nulla a che fare con il trading. Tuttavia, questo non significa che adottiamo una strategia buy-and-hold, ma piuttosto che siamo investitori buy-and-sell.<\/p>\n<p>Il fatto che abbiamo aperto una posizione in un determinato titolo non implica che questo rimanga nel portafoglio per sempre. Monitoriamo costantemente le nostre posizioni per assicurarci che ognuna di esse ci fornisca un adeguato rendimento proporzionato al rischio. In caso contrario, la posizione viene venduta nel rispetto della best execution per i clienti. Non abbiamo infatti alcun incentivo a effettuare pi\u00f9 operazioni del necessario.[\/vc_column_text][\/vc_tta_section][vc_tta_section title=&#8221;Non voglio investire in societ\u00e0\/settori specifici. Potete soddisfare la mia richiesta?&#8221; tab_id=&#8221;1686909246338-ee8914bf-487a&#8221;][vc_column_text text_style=&#8221;leader-text&#8221;]S\u00ec, possiamo certamente farlo. Alcuni dei nostri attuali clienti ci chiedono gi\u00e0 di evitare determinate aree per motivi etici o specifiche societ\u00e0 in quanto insider aziendali e noi accontentiamo tranquillamente le loro richieste.<\/p>\n<p>A differenza delle grandi istituzioni finanziarie che forniscono strategie standardizzate, noi creiamo mandati di investimento personalizzati in base alle richieste dei nostri clienti, che possono definire in fase di onboarding i vincoli da rispettare. Infine, la Compliance si occupa di monitorare settimanalmente il rispetto delle condizioni richieste.[\/vc_column_text][\/vc_tta_section][vc_tta_section title=&#8221;Fornite consulenza legale e fiscale?&#8221; tab_id=&#8221;1686909245956-54f5d9e1-5be9&#8243;][vc_column_text text_style=&#8221;leader-text&#8221;]Harris Moor Finance collabora con i migliori professionisti del settore legale e fiscale. Pertanto, quando necessario, siamo in grado di lavorare con i nostri partner e di fornirvi una valida consulenza. Tuttavia, non offriamo il servizio in house.[\/vc_column_text][\/vc_tta_section][vc_tta_section title=&#8221;Quali lingue parlate?&#8221; tab_id=&#8221;1686909243953-1ecd1623-ea8e&#8221;][vc_column_text text_style=&#8221;leader-text&#8221;]Il team di Harris Moor Finance parla in maniera fluente inglese e italiano ed \u00e8 in grado di assistere i clienti in francese.[\/vc_column_text][\/vc_tta_section][vc_tta_section title=&#8221;Come vi tenete aggiornati su tutti i cambiamenti del settore?&#8221; tab_id=&#8221;1686908787662-41f86cb2-7386&#8243;][vc_column_text text_style=&#8221;leader-text&#8221;]La formazione continua \u00e8 molto importante per Harris Moor Finance. Pertanto, tutti i membri del nostro team partecipano attivamente a programmi di apprendimento continuo per approfondire e ampliare le loro conoscenze.[\/vc_column_text][\/vc_tta_section][vc_tta_section title=&#8221;Quali sono i vantaggi di avere un family office?&#8221; tab_id=&#8221;1687158613595-f399d9d7-f3b8&#8243;][vc_column_text text_style=&#8221;leader-text&#8221;]Le ragioni per cui si ha bisogno di un family office possono essere molteplici, la principale delle quali \u00e8 la necessit\u00e0 di prepararsi al futuro e di mettere al sicuro il proprio patrimonio per s\u00e9 e per le generazioni future.<\/p>\n<p>I vantaggi finanziari includono:<br \/>\n&#8211; personalizzazione dei mandati;<br \/>\n&#8211; riduzione dei costi;<br \/>\n&#8211; maggiore probabilit\u00e0 di raggiungere gli obiettivi finanziari grazie a una migliore conoscenza delle esigenze dei clienti.<\/p>\n<p>I vantaggi non finanziari includono:<br \/>\n&#8211; supporto centralizzato delle transizioni generazionali;<br \/>\n&#8211; un unico punto di contatto: avere un proprio team di fiducia per gestire un&#8217;ampia gamma di servizi;<br \/>\n&#8211; Efficienza nell&#8217;ambito dell&#8217;insieme dei beni e delle attivit\u00e0 della famiglia;<br \/>\n&#8211; privacy, discrezione e continuit\u00e0 delle relazioni.[\/vc_column_text][\/vc_tta_section][vc_tta_section title=&#8221;Chi \u00e8 Harris?&#8221; tab_id=&#8221;1687158640189-a5709516-7db4&#8243;][vc_column_text text_style=&#8221;leader-text&#8221;]Harris \u00e8 stato un uomo d&#8217;affari altamente etico e di successo che ha plasmato il modo di vedere gli affari e il mondo del nostro fondatore e CEO. Ha svolto un ruolo importante nella sua vita e ha fatto da mentore per molte persone con cui si \u00e8 incrociato. Per ricordare questa persona speciale, lo abbiamo impersonato nel nostro marchio per ricordare quei valori intrinseci e ci\u00f2 che noi di Harris Moor Finance rappresentiamo.<br \/>\nLeggete la storia del nostro inizio <span style=\"text-decoration: underline;\"><a href=\"\/it\/il-nostro-inizio\/\">qui.<\/a><\/span>[\/vc_column_text][\/vc_tta_section][vc_tta_section title=&#8221;Perch\u00e9 scegliere Harris Moor Finance \u2013 Perch\u00e9 scegliere noi&#8221; tab_id=&#8221;1687162273146-43849e30-72c2&#8243;][vc_column_text text_style=&#8221;leader-text&#8221;]Avendo a cuore gli interessi del cliente, Harris Moor Finance opera sempre con i massimi standard etici e professionali. La nostra priorit\u00e0 \u00e8 quella di gestire e di salvaguardare abilmente il patrimonio dei nostri clienti e di costruire relazioni durature, basate su valori condivisi.[\/vc_column_text][\/vc_tta_section][\/vc_tta_accordion][\/vc_column][\/vc_row]<\/p>\n","protected":false},"excerpt":{"rendered":"<p>[vc_row heading_color=&#8221;primary-4&#8243; section_type=&#8221;fullwidth&#8221; bg_type=&#8221;color&#8221; padding_top_multiplier=&#8221;&#8221; padding_bottom_multiplier=&#8221;&#8221; columns_gap=&#8221;none&#8221; bg_color=&#8221;#f7f7f7&#8243;][vc_column][\/vc_column][\/vc_row][vc_row heading_color=&#8221;primary-4&#8243; section_type=&#8221;fullwidth&#8221; padding_top_multiplier=&#8221;&#8221; padding_bottom_multiplier=&#8221;&#8221; columns_gap=&#8221;none&#8221; tablet_visibility=&#8221;hide&#8221; tablet_sm_visibility=&#8221;hide&#8221; mobile_visibility=&#8221;hide&#8221; separator_bottom_color=&#8221;#dd9933&#8243; font_color=&#8221;rgba(255,255,255,0.8)&#8221;][vc_column vertical_content_position=&#8221;bottom&#8221; animation_delay=&#8221;0&#8243; css=&#8221;.vc_custom_1669196760878{margin-top: -174px !important;background-position: 0 0 !important;background-repeat: no-repeat !important;}&#8221;][vc_column_text animation_delay=&#8221;0&#8243; animation_duration=&#8221;very-fast&#8221; css=&#8221;.vc_custom_1688460555101{background-position: center !important;background-repeat: no-repeat !important;background-size: cover !important;}&#8221;][\/vc_column_text][\/vc_column][\/vc_row][vc_row heading_color=&#8221;primary-1&#8243; padding_top_multiplier=&#8221;4x&#8221; padding_bottom_multiplier=&#8221;2x&#8221; columns_gap=&#8221;60&#8243; font_color=&#8221;#000000&#8243;][vc_column][vc_tta_accordion c_icon=&#8221;chevron&#8221; active_section=&#8221;0&#8243; heading=&#8221;h4&#8243; collapsible_all=&#8221;true&#8221;][vc_tta_section title=&#8221;Che cos&#8217;\u00e8 un family office?&#8221; tab_id=&#8221;1686908787649-9a7650bb-7e83&#8243; el_class=&#8221;fx_diagram&#8221;][vc_column_text text_style=&#8221;leader-text&#8221;]Il concetto [&hellip;]<\/p>\n","protected":false},"author":2,"featured_media":0,"parent":0,"menu_order":0,"comment_status":"closed","ping_status":"closed","template":"","meta":{"footnotes":""},"yoast_head":"<!-- This site is optimized with the Yoast SEO plugin v23.3 - https:\/\/yoast.com\/wordpress\/plugins\/seo\/ -->\n<title>FAQ - Harris Moor Finance SA<\/title>\n<meta name=\"robots\" content=\"index, follow, max-snippet:-1, max-image-preview:large, max-video-preview:-1\" \/>\n<link rel=\"canonical\" href=\"https:\/\/harrismoor.com\/it\/faq\/\" \/>\n<meta property=\"og:locale\" content=\"it_IT\" \/>\n<meta property=\"og:type\" content=\"article\" \/>\n<meta property=\"og:title\" content=\"FAQ - Harris Moor Finance SA\" \/>\n<meta property=\"og:description\" content=\"[vc_row heading_color=&#8221;primary-4&#8243; section_type=&#8221;fullwidth&#8221; bg_type=&#8221;color&#8221; padding_top_multiplier=&#8221;&#8221; padding_bottom_multiplier=&#8221;&#8221; columns_gap=&#8221;none&#8221; bg_color=&#8221;#f7f7f7&#8243;][vc_column][\/vc_column][\/vc_row][vc_row heading_color=&#8221;primary-4&#8243; section_type=&#8221;fullwidth&#8221; padding_top_multiplier=&#8221;&#8221; padding_bottom_multiplier=&#8221;&#8221; columns_gap=&#8221;none&#8221; tablet_visibility=&#8221;hide&#8221; tablet_sm_visibility=&#8221;hide&#8221; mobile_visibility=&#8221;hide&#8221; separator_bottom_color=&#8221;#dd9933&#8243; font_color=&#8221;rgba(255,255,255,0.8)&#8221;][vc_column vertical_content_position=&#8221;bottom&#8221; animation_delay=&#8221;0&#8243; css=&#8221;.vc_custom_1669196760878{margin-top: -174px !important;background-position: 0 0 !important;background-repeat: no-repeat !important;}&#8221;][vc_column_text animation_delay=&#8221;0&#8243; animation_duration=&#8221;very-fast&#8221; css=&#8221;.vc_custom_1688460555101{background-position: center !important;background-repeat: no-repeat !important;background-size: cover !important;}&#8221;][\/vc_column_text][\/vc_column][\/vc_row][vc_row heading_color=&#8221;primary-1&#8243; padding_top_multiplier=&#8221;4x&#8221; padding_bottom_multiplier=&#8221;2x&#8221; columns_gap=&#8221;60&#8243; font_color=&#8221;#000000&#8243;][vc_column][vc_tta_accordion c_icon=&#8221;chevron&#8221; active_section=&#8221;0&#8243; heading=&#8221;h4&#8243; collapsible_all=&#8221;true&#8221;][vc_tta_section title=&#8221;Che cos&#8217;\u00e8 un family office?&#8221; tab_id=&#8221;1686908787649-9a7650bb-7e83&#8243; el_class=&#8221;fx_diagram&#8221;][vc_column_text text_style=&#8221;leader-text&#8221;]Il concetto [&hellip;]\" \/>\n<meta property=\"og:url\" content=\"https:\/\/harrismoor.com\/it\/faq\/\" \/>\n<meta property=\"og:site_name\" content=\"Harris Moor Finance SA\" \/>\n<meta property=\"article:modified_time\" content=\"2023-09-24T15:25:53+00:00\" \/>\n<meta property=\"og:image\" content=\"https:\/\/harrismoor.com\/wp-content\/uploads\/2019\/04\/22.png\" \/>\n<meta name=\"twitter:card\" content=\"summary_large_image\" \/>\n<meta name=\"twitter:label1\" content=\"Tempo di lettura stimato\" \/>\n\t<meta name=\"twitter:data1\" content=\"6 minuti\" \/>\n<script type=\"application\/ld+json\" class=\"yoast-schema-graph\">{\"@context\":\"https:\/\/schema.org\",\"@graph\":[{\"@type\":\"WebPage\",\"@id\":\"https:\/\/harrismoor.com\/it\/faq\/\",\"url\":\"https:\/\/harrismoor.com\/it\/faq\/\",\"name\":\"FAQ - Harris Moor Finance SA\",\"isPartOf\":{\"@id\":\"https:\/\/harrismoor.com\/#website\"},\"primaryImageOfPage\":{\"@id\":\"https:\/\/harrismoor.com\/it\/faq\/#primaryimage\"},\"image\":{\"@id\":\"https:\/\/harrismoor.com\/it\/faq\/#primaryimage\"},\"thumbnailUrl\":\"https:\/\/harrismoor.com\/wp-content\/uploads\/2019\/04\/22.png\",\"datePublished\":\"2023-06-19T08:14:56+00:00\",\"dateModified\":\"2023-09-24T15:25:53+00:00\",\"breadcrumb\":{\"@id\":\"https:\/\/harrismoor.com\/it\/faq\/#breadcrumb\"},\"inLanguage\":\"it-IT\",\"potentialAction\":[{\"@type\":\"ReadAction\",\"target\":[\"https:\/\/harrismoor.com\/it\/faq\/\"]}]},{\"@type\":\"ImageObject\",\"inLanguage\":\"it-IT\",\"@id\":\"https:\/\/harrismoor.com\/it\/faq\/#primaryimage\",\"url\":\"https:\/\/harrismoor.com\/wp-content\/uploads\/2019\/04\/22.png\",\"contentUrl\":\"https:\/\/harrismoor.com\/wp-content\/uploads\/2019\/04\/22.png\"},{\"@type\":\"BreadcrumbList\",\"@id\":\"https:\/\/harrismoor.com\/it\/faq\/#breadcrumb\",\"itemListElement\":[{\"@type\":\"ListItem\",\"position\":1,\"name\":\"Home\",\"item\":\"https:\/\/harrismoor.com\/it\/\"},{\"@type\":\"ListItem\",\"position\":2,\"name\":\"FAQ\"}]},{\"@type\":\"WebSite\",\"@id\":\"https:\/\/harrismoor.com\/#website\",\"url\":\"https:\/\/harrismoor.com\/\",\"name\":\"Harris Moor Finance SA\",\"description\":\"Family Office\",\"potentialAction\":[{\"@type\":\"SearchAction\",\"target\":{\"@type\":\"EntryPoint\",\"urlTemplate\":\"https:\/\/harrismoor.com\/?s={search_term_string}\"},\"query-input\":\"required name=search_term_string\"}],\"inLanguage\":\"it-IT\"}]}<\/script>\n<!-- \/ Yoast SEO plugin. -->","yoast_head_json":{"title":"FAQ - Harris Moor Finance SA","robots":{"index":"index","follow":"follow","max-snippet":"max-snippet:-1","max-image-preview":"max-image-preview:large","max-video-preview":"max-video-preview:-1"},"canonical":"https:\/\/harrismoor.com\/it\/faq\/","og_locale":"it_IT","og_type":"article","og_title":"FAQ - Harris Moor Finance SA","og_description":"[vc_row heading_color=&#8221;primary-4&#8243; section_type=&#8221;fullwidth&#8221; bg_type=&#8221;color&#8221; padding_top_multiplier=&#8221;&#8221; padding_bottom_multiplier=&#8221;&#8221; columns_gap=&#8221;none&#8221; bg_color=&#8221;#f7f7f7&#8243;][vc_column][\/vc_column][\/vc_row][vc_row heading_color=&#8221;primary-4&#8243; section_type=&#8221;fullwidth&#8221; padding_top_multiplier=&#8221;&#8221; padding_bottom_multiplier=&#8221;&#8221; columns_gap=&#8221;none&#8221; tablet_visibility=&#8221;hide&#8221; tablet_sm_visibility=&#8221;hide&#8221; mobile_visibility=&#8221;hide&#8221; separator_bottom_color=&#8221;#dd9933&#8243; font_color=&#8221;rgba(255,255,255,0.8)&#8221;][vc_column vertical_content_position=&#8221;bottom&#8221; animation_delay=&#8221;0&#8243; css=&#8221;.vc_custom_1669196760878{margin-top: -174px !important;background-position: 0 0 !important;background-repeat: no-repeat !important;}&#8221;][vc_column_text animation_delay=&#8221;0&#8243; animation_duration=&#8221;very-fast&#8221; css=&#8221;.vc_custom_1688460555101{background-position: center !important;background-repeat: no-repeat !important;background-size: cover !important;}&#8221;][\/vc_column_text][\/vc_column][\/vc_row][vc_row heading_color=&#8221;primary-1&#8243; padding_top_multiplier=&#8221;4x&#8221; padding_bottom_multiplier=&#8221;2x&#8221; columns_gap=&#8221;60&#8243; font_color=&#8221;#000000&#8243;][vc_column][vc_tta_accordion c_icon=&#8221;chevron&#8221; active_section=&#8221;0&#8243; heading=&#8221;h4&#8243; collapsible_all=&#8221;true&#8221;][vc_tta_section title=&#8221;Che cos&#8217;\u00e8 un family office?&#8221; tab_id=&#8221;1686908787649-9a7650bb-7e83&#8243; el_class=&#8221;fx_diagram&#8221;][vc_column_text text_style=&#8221;leader-text&#8221;]Il concetto [&hellip;]","og_url":"https:\/\/harrismoor.com\/it\/faq\/","og_site_name":"Harris Moor Finance SA","article_modified_time":"2023-09-24T15:25:53+00:00","og_image":[{"url":"https:\/\/harrismoor.com\/wp-content\/uploads\/2019\/04\/22.png"}],"twitter_card":"summary_large_image","twitter_misc":{"Tempo di lettura stimato":"6 minuti"},"schema":{"@context":"https:\/\/schema.org","@graph":[{"@type":"WebPage","@id":"https:\/\/harrismoor.com\/it\/faq\/","url":"https:\/\/harrismoor.com\/it\/faq\/","name":"FAQ - Harris Moor Finance SA","isPartOf":{"@id":"https:\/\/harrismoor.com\/#website"},"primaryImageOfPage":{"@id":"https:\/\/harrismoor.com\/it\/faq\/#primaryimage"},"image":{"@id":"https:\/\/harrismoor.com\/it\/faq\/#primaryimage"},"thumbnailUrl":"https:\/\/harrismoor.com\/wp-content\/uploads\/2019\/04\/22.png","datePublished":"2023-06-19T08:14:56+00:00","dateModified":"2023-09-24T15:25:53+00:00","breadcrumb":{"@id":"https:\/\/harrismoor.com\/it\/faq\/#breadcrumb"},"inLanguage":"it-IT","potentialAction":[{"@type":"ReadAction","target":["https:\/\/harrismoor.com\/it\/faq\/"]}]},{"@type":"ImageObject","inLanguage":"it-IT","@id":"https:\/\/harrismoor.com\/it\/faq\/#primaryimage","url":"https:\/\/harrismoor.com\/wp-content\/uploads\/2019\/04\/22.png","contentUrl":"https:\/\/harrismoor.com\/wp-content\/uploads\/2019\/04\/22.png"},{"@type":"BreadcrumbList","@id":"https:\/\/harrismoor.com\/it\/faq\/#breadcrumb","itemListElement":[{"@type":"ListItem","position":1,"name":"Home","item":"https:\/\/harrismoor.com\/it\/"},{"@type":"ListItem","position":2,"name":"FAQ"}]},{"@type":"WebSite","@id":"https:\/\/harrismoor.com\/#website","url":"https:\/\/harrismoor.com\/","name":"Harris Moor Finance SA","description":"Family Office","potentialAction":[{"@type":"SearchAction","target":{"@type":"EntryPoint","urlTemplate":"https:\/\/harrismoor.com\/?s={search_term_string}"},"query-input":"required name=search_term_string"}],"inLanguage":"it-IT"}]}},"_links":{"self":[{"href":"https:\/\/harrismoor.com\/it\/wp-json\/wp\/v2\/pages\/2466"}],"collection":[{"href":"https:\/\/harrismoor.com\/it\/wp-json\/wp\/v2\/pages"}],"about":[{"href":"https:\/\/harrismoor.com\/it\/wp-json\/wp\/v2\/types\/page"}],"author":[{"embeddable":true,"href":"https:\/\/harrismoor.com\/it\/wp-json\/wp\/v2\/users\/2"}],"replies":[{"embeddable":true,"href":"https:\/\/harrismoor.com\/it\/wp-json\/wp\/v2\/comments?post=2466"}],"version-history":[{"count":21,"href":"https:\/\/harrismoor.com\/it\/wp-json\/wp\/v2\/pages\/2466\/revisions"}],"predecessor-version":[{"id":2690,"href":"https:\/\/harrismoor.com\/it\/wp-json\/wp\/v2\/pages\/2466\/revisions\/2690"}],"wp:attachment":[{"href":"https:\/\/harrismoor.com\/it\/wp-json\/wp\/v2\/media?parent=2466"}],"curies":[{"name":"wp","href":"https:\/\/api.w.org\/{rel}","templated":true}]}}